{"id":501,"date":"2021-09-11T06:18:48","date_gmt":"2021-09-11T06:18:48","guid":{"rendered":"https:\/\/ariacompliance.com\/beta\/advisory-and-training\/"},"modified":"2026-04-04T19:12:43","modified_gmt":"2026-04-04T19:12:43","slug":"advisory-and-training","status":"publish","type":"page","link":"https:\/\/ariacompliance.com\/fr\/advisory-and-training\/","title":{"rendered":"Conseil et Formation"},"content":{"rendered":"<p>Notre expertise est \u00e0 votre disposition pour vous aider \u00e0 naviguer le paysage r\u00e9glementaire complexe et en constante \u00e9volution du secteur des services financiers. Qu&rsquo;il s&rsquo;agisse de r\u00e9pondre \u00e0 des questions ponctuelles ou de former vos collaborateurs, \u00e9quipes de Conformit\u00e9 ou membres du Conseil d&rsquo;Administration, nous sommes l\u00e0 pour trouver des solutions et vous accompagner dans leur r\u00e9alisation.<\/p>\n","protected":false},"excerpt":{"rendered":"<p>Notre expertise est \u00e0 votre disposition pour vous aider \u00e0 naviguer le paysage r\u00e9glementaire complexe et en constante \u00e9volution du secteur des services financiers. Qu&rsquo;il s&rsquo;agisse de r\u00e9pondre \u00e0 des questions ponctuelles ou de former vos collaborateurs, \u00e9quipes de Conformit\u00e9 ou membres du Conseil d&rsquo;Administration, nous sommes l\u00e0 pour trouver des solutions et vous accompagner [&hellip;]<\/p>\n","protected":false},"author":1,"featured_media":0,"parent":0,"menu_order":0,"comment_status":"closed","ping_status":"closed","template":"","meta":{"_acf_changed":false,"footnotes":""},"class_list":["post-501","page","type-page","status-publish","hentry"],"acf":[],"featured_image_src":null,"yoast_head":"<!-- This site is optimized with the Yoast SEO plugin v27.0 - https:\/\/yoast.com\/product\/yoast-seo-wordpress\/ -->\n<title>Conseil et Formation || Aria Compliance<\/title>\n<meta name=\"robots\" content=\"index, follow, max-snippet:-1, max-image-preview:large, max-video-preview:-1\" \/>\n<link rel=\"canonical\" href=\"https:\/\/ariacompliance.com\/fr\/advisory-and-training\/\" \/>\n<meta property=\"og:locale\" content=\"fr_FR\" \/>\n<meta property=\"og:type\" content=\"article\" \/>\n<meta property=\"og:title\" content=\"Conseil et Formation || Aria Compliance\" \/>\n<meta property=\"og:description\" content=\"Notre expertise est \u00e0 votre disposition pour vous aider \u00e0 naviguer le paysage r\u00e9glementaire complexe et en constante \u00e9volution du secteur des services financiers. Qu&rsquo;il s&rsquo;agisse de r\u00e9pondre \u00e0 des questions ponctuelles ou de former vos collaborateurs, \u00e9quipes de Conformit\u00e9 ou membres du Conseil d&rsquo;Administration, nous sommes l\u00e0 pour trouver des solutions et vous accompagner [&hellip;]\" \/>\n<meta property=\"og:url\" content=\"https:\/\/ariacompliance.com\/fr\/advisory-and-training\/\" \/>\n<meta property=\"og:site_name\" content=\"Aria Compliance\" \/>\n<meta property=\"article:modified_time\" content=\"2026-04-04T19:12:43+00:00\" \/>\n<meta name=\"twitter:card\" content=\"summary_large_image\" \/>\n<meta name=\"twitter:label1\" content=\"Dur\u00e9e de lecture estim\u00e9e\" \/>\n\t<meta name=\"twitter:data1\" content=\"1 minute\" \/>\n<script type=\"application\/ld+json\" class=\"yoast-schema-graph\">{\"@context\":\"https:\/\/schema.org\",\"@graph\":[{\"@type\":\"WebPage\",\"@id\":\"https:\/\/ariacompliance.com\/fr\/advisory-and-training\/\",\"url\":\"https:\/\/ariacompliance.com\/fr\/advisory-and-training\/\",\"name\":\"Conseil et Formation || Aria Compliance\",\"isPartOf\":{\"@id\":\"https:\/\/ariacompliance.com\/#website\"},\"datePublished\":\"2021-09-11T06:18:48+00:00\",\"dateModified\":\"2026-04-04T19:12:43+00:00\",\"breadcrumb\":{\"@id\":\"https:\/\/ariacompliance.com\/fr\/advisory-and-training\/#breadcrumb\"},\"inLanguage\":\"fr-FR\",\"potentialAction\":[{\"@type\":\"ReadAction\",\"target\":[\"https:\/\/ariacompliance.com\/fr\/advisory-and-training\/\"]}]},{\"@type\":\"BreadcrumbList\",\"@id\":\"https:\/\/ariacompliance.com\/fr\/advisory-and-training\/#breadcrumb\",\"itemListElement\":[{\"@type\":\"ListItem\",\"position\":1,\"name\":\"Home\",\"item\":\"https:\/\/ariacompliance.com\/fr\/\"},{\"@type\":\"ListItem\",\"position\":2,\"name\":\"Conseil et Formation\"}]},{\"@type\":\"WebSite\",\"@id\":\"https:\/\/ariacompliance.com\/#website\",\"url\":\"https:\/\/ariacompliance.com\/\",\"name\":\"Aria Compliance\",\"description\":\"\",\"publisher\":{\"@id\":\"https:\/\/ariacompliance.com\/#organization\"},\"potentialAction\":[{\"@type\":\"SearchAction\",\"target\":{\"@type\":\"EntryPoint\",\"urlTemplate\":\"https:\/\/ariacompliance.com\/?s={search_term_string}\"},\"query-input\":{\"@type\":\"PropertyValueSpecification\",\"valueRequired\":true,\"valueName\":\"search_term_string\"}}],\"inLanguage\":\"fr-FR\"},{\"@type\":\"Organization\",\"@id\":\"https:\/\/ariacompliance.com\/#organization\",\"name\":\"Aria Compliance\",\"url\":\"https:\/\/ariacompliance.com\/\",\"logo\":{\"@type\":\"ImageObject\",\"inLanguage\":\"fr-FR\",\"@id\":\"https:\/\/ariacompliance.com\/#\/schema\/logo\/image\/\",\"url\":\"https:\/\/ariacompliance.com\/wp-content\/uploads\/2021\/08\/cropped-logo.png\",\"contentUrl\":\"https:\/\/ariacompliance.com\/wp-content\/uploads\/2021\/08\/cropped-logo.png\",\"width\":397,\"height\":153,\"caption\":\"Aria Compliance\"},\"image\":{\"@id\":\"https:\/\/ariacompliance.com\/#\/schema\/logo\/image\/\"}}]}<\/script>\n<!-- \/ Yoast SEO plugin. -->","yoast_head_json":{"title":"Conseil et Formation || Aria Compliance","robots":{"index":"index","follow":"follow","max-snippet":"max-snippet:-1","max-image-preview":"max-image-preview:large","max-video-preview":"max-video-preview:-1"},"canonical":"https:\/\/ariacompliance.com\/fr\/advisory-and-training\/","og_locale":"fr_FR","og_type":"article","og_title":"Conseil et Formation || Aria Compliance","og_description":"Notre expertise est \u00e0 votre disposition pour vous aider \u00e0 naviguer le paysage r\u00e9glementaire complexe et en constante \u00e9volution du secteur des services financiers. Qu&rsquo;il s&rsquo;agisse de r\u00e9pondre \u00e0 des questions ponctuelles ou de former vos collaborateurs, \u00e9quipes de Conformit\u00e9 ou membres du Conseil d&rsquo;Administration, nous sommes l\u00e0 pour trouver des solutions et vous accompagner [&hellip;]","og_url":"https:\/\/ariacompliance.com\/fr\/advisory-and-training\/","og_site_name":"Aria Compliance","article_modified_time":"2026-04-04T19:12:43+00:00","twitter_card":"summary_large_image","twitter_misc":{"Dur\u00e9e de lecture estim\u00e9e":"1 minute"},"schema":{"@context":"https:\/\/schema.org","@graph":[{"@type":"WebPage","@id":"https:\/\/ariacompliance.com\/fr\/advisory-and-training\/","url":"https:\/\/ariacompliance.com\/fr\/advisory-and-training\/","name":"Conseil et Formation || Aria Compliance","isPartOf":{"@id":"https:\/\/ariacompliance.com\/#website"},"datePublished":"2021-09-11T06:18:48+00:00","dateModified":"2026-04-04T19:12:43+00:00","breadcrumb":{"@id":"https:\/\/ariacompliance.com\/fr\/advisory-and-training\/#breadcrumb"},"inLanguage":"fr-FR","potentialAction":[{"@type":"ReadAction","target":["https:\/\/ariacompliance.com\/fr\/advisory-and-training\/"]}]},{"@type":"BreadcrumbList","@id":"https:\/\/ariacompliance.com\/fr\/advisory-and-training\/#breadcrumb","itemListElement":[{"@type":"ListItem","position":1,"name":"Home","item":"https:\/\/ariacompliance.com\/fr\/"},{"@type":"ListItem","position":2,"name":"Conseil et Formation"}]},{"@type":"WebSite","@id":"https:\/\/ariacompliance.com\/#website","url":"https:\/\/ariacompliance.com\/","name":"Aria Compliance","description":"","publisher":{"@id":"https:\/\/ariacompliance.com\/#organization"},"potentialAction":[{"@type":"SearchAction","target":{"@type":"EntryPoint","urlTemplate":"https:\/\/ariacompliance.com\/?s={search_term_string}"},"query-input":{"@type":"PropertyValueSpecification","valueRequired":true,"valueName":"search_term_string"}}],"inLanguage":"fr-FR"},{"@type":"Organization","@id":"https:\/\/ariacompliance.com\/#organization","name":"Aria Compliance","url":"https:\/\/ariacompliance.com\/","logo":{"@type":"ImageObject","inLanguage":"fr-FR","@id":"https:\/\/ariacompliance.com\/#\/schema\/logo\/image\/","url":"https:\/\/ariacompliance.com\/wp-content\/uploads\/2021\/08\/cropped-logo.png","contentUrl":"https:\/\/ariacompliance.com\/wp-content\/uploads\/2021\/08\/cropped-logo.png","width":397,"height":153,"caption":"Aria Compliance"},"image":{"@id":"https:\/\/ariacompliance.com\/#\/schema\/logo\/image\/"}}]}},"_links":{"self":[{"href":"https:\/\/ariacompliance.com\/fr\/wp-json\/wp\/v2\/pages\/501","targetHints":{"allow":["GET"]}}],"collection":[{"href":"https:\/\/ariacompliance.com\/fr\/wp-json\/wp\/v2\/pages"}],"about":[{"href":"https:\/\/ariacompliance.com\/fr\/wp-json\/wp\/v2\/types\/page"}],"author":[{"embeddable":true,"href":"https:\/\/ariacompliance.com\/fr\/wp-json\/wp\/v2\/users\/1"}],"replies":[{"embeddable":true,"href":"https:\/\/ariacompliance.com\/fr\/wp-json\/wp\/v2\/comments?post=501"}],"version-history":[{"count":18,"href":"https:\/\/ariacompliance.com\/fr\/wp-json\/wp\/v2\/pages\/501\/revisions"}],"predecessor-version":[{"id":968,"href":"https:\/\/ariacompliance.com\/fr\/wp-json\/wp\/v2\/pages\/501\/revisions\/968"}],"wp:attachment":[{"href":"https:\/\/ariacompliance.com\/fr\/wp-json\/wp\/v2\/media?parent=501"}],"curies":[{"name":"wp","href":"https:\/\/api.w.org\/{rel}","templated":true}]}}